{"id":869,"date":"2025-04-29T13:06:32","date_gmt":"2025-04-29T10:06:32","guid":{"rendered":"https:\/\/www.matk.ee\/?page_id=869"},"modified":"2026-04-29T12:28:07","modified_gmt":"2026-04-29T09:28:07","slug":"urituste-kalender-2","status":"publish","type":"page","link":"https:\/\/matk.ee\/index.php\/urituste-kalender-2\/","title":{"rendered":"\u00dcrituste kalender 2026"},"content":{"rendered":"\n<figure class=\"wp-block-table\"><table><tbody><tr><td><strong>Kuup\u00e4ev<\/strong><\/td><td><strong>Nimetus<\/strong><\/td><td><strong>Viide<\/strong><\/td><\/tr><tr><td>10-11.jaanuar<\/td><td>Harju Matkaklubi kokkutulek Aegviidus<\/td><td>Korraldaja juhatus<br><a href=\"https:\/\/fb.me\/e\/5g95Un6VU\">Link \u00fcritusele<\/a><\/td><\/tr><tr><td>07.veebruar<\/td><td>V\u00e4ike suusamatk K\u00f5rvemaal<\/td><td>Korraldaja Einar Kivisalu<br><a href=\"https:\/\/fb.me\/e\/5He2NOETS\">Link \u00fcritusele<\/a><\/td><\/tr><tr><td>07.-16.m\u00e4rts<\/td><td>Suusamatk Polaar-Rootsis<\/td><td>Korraldaja Einar Kivisalu<br><a href=\"https:\/\/fb.me\/e\/7dcWaNWIa\">Link \u00fcritusele<\/a><\/td><\/tr><tr><td>22.aprill<\/td><td>Harju Matkaklubi \u00fcldkoosolek<\/td><td>Korraldaja juhatus<\/td><\/tr><tr><td>02.-03.mai<\/td><td>Kanuumatk P\u00e4rnu j\u00f5el<\/td><td>Korraldaja Einar Kivisalu<br> <a href=\"https:\/\/www.facebook.com\/events\/1358392379382728\/?acontext=%7B%22event_action_history%22%3A[%7B%22mechanism%22%3A%22surface%22%2C%22surface%22%3A%22groups_highlight_units%22%7D]%2C%22ref_notif_type%22%3Anull%7D\">Link \u00fcritusele<\/a><\/td><\/tr><tr><td>15.-17.mai<\/td><td>Kevadine harjutuslaager Karulas<\/td><td>Korraldaja Einar Kivisalu<br><a href=\"https:\/\/www.facebook.com\/events\/901387855609449?acontext=%7B%22event_action_history%22%3A[%7B%22mechanism%22%3A%22surface%22%2C%22surface%22%3A%22groups_highlight_units%22%7D]%2C%22ref_notif_type%22%3Anull%7D\">Link \u00fcritusele<\/a><\/td><\/tr><tr><td>(5.)6.-7.juunil<\/td><td>Rattamatk Eestis<\/td><td>Korraldaja Einar Kivisalu<\/td><\/tr><tr><td>Juuni v\u00f5i juuli l\u00f5pp<\/td><td>Kanuu-\/rattamatk Masuurias (Poola)<\/td><td>Korraldaja Einar Kivisalu<\/td><\/tr><tr><td>4.-5.juuli<\/td><td>Aegna &#8220;lebotamise&#8221; jalgsimatk<\/td><td>Korraldaja Ainika \u00d6\u00f6pik<\/td><\/tr><tr><td>6.-9.august<\/td><td>Hiiumaa rattamatk<\/td><td>Korraldaja Ainika \u00d6\u00f6pik<\/td><\/tr><tr><td>Hiliss\u00fcgis<\/td><td>Harju Matkaklubi 55.aastap\u00e4eva t\u00e4histamine<\/td><td>Korraldaja juhatus<\/td><\/tr><tr><td><\/td><td><\/td><td><\/td><\/tr><tr><td><\/td><td><\/td><td><\/td><\/tr><\/tbody><\/table><\/figure>\n\n\n\n<p>Peale praegu kalendris olevate \u00fcrituste korraldame jooksvalt veel igasuguseid erinevaid matkasid nii oma liikmetele, kui ka laiemale seltskonnale. J\u00e4lgige meie tegevusi ka <a href=\"https:\/\/www.facebook.com\/www.matk.ee\">Facebookis!<\/a><\/p>\n\n\n\n<p><\/p>\n","protected":false},"excerpt":{"rendered":"<p>Kuup\u00e4ev Nimetus Viide 10-11.jaanuar Harju Matkaklubi kokkutulek Aegviidus Korraldaja juhatusLink \u00fcritusele 07.veebruar V\u00e4ike suusamatk K\u00f5rvemaal Korraldaja Einar KivisaluLink \u00fcritusele 07.-16.m\u00e4rts Suusamatk Polaar-Rootsis Korraldaja Einar KivisaluLink \u00fcritusele 22.aprill Harju Matkaklubi \u00fcldkoosolek Korraldaja juhatus 02.-03.mai Kanuumatk P\u00e4rnu j\u00f5el Korraldaja Einar Kivisalu Link &hellip; <a href=\"https:\/\/matk.ee\/index.php\/urituste-kalender-2\/\">J\u00e4tka lugemist <span class=\"meta-nav\">&rarr;<\/span><\/a><\/p>\n","protected":false},"author":6,"featured_media":0,"parent":0,"menu_order":0,"comment_status":"closed","ping_status":"closed","template":"","meta":{"_uag_custom_page_level_css":"","footnotes":""},"class_list":["post-869","page","type-page","status-publish","hentry"],"uagb_featured_image_src":{"full":false,"thumbnail":false,"medium":false,"medium_large":false,"large":false,"1536x1536":false,"2048x2048":false,"post-thumbnail":false},"uagb_author_info":{"display_name":"Ainika \u00d6\u00f6pik","author_link":"https:\/\/matk.ee\/index.php\/author\/ainika\/"},"uagb_comment_info":0,"uagb_excerpt":"Kuup\u00e4ev Nimetus Viide 10-11.jaanuar Harju Matkaklubi kokkutulek Aegviidus Korraldaja juhatusLink \u00fcritusele 07.veebruar V\u00e4ike suusamatk K\u00f5rvemaal Korraldaja Einar KivisaluLink \u00fcritusele 07.-16.m\u00e4rts Suusamatk Polaar-Rootsis Korraldaja Einar KivisaluLink \u00fcritusele 22.aprill Harju Matkaklubi \u00fcldkoosolek Korraldaja juhatus 02.-03.mai Kanuumatk P\u00e4rnu j\u00f5el Korraldaja Einar Kivisalu Link &hellip; J\u00e4tka lugemist &rarr;","_links":{"self":[{"href":"https:\/\/matk.ee\/index.php\/wp-json\/wp\/v2\/pages\/869","targetHints":{"allow":["GET"]}}],"collection":[{"href":"https:\/\/matk.ee\/index.php\/wp-json\/wp\/v2\/pages"}],"about":[{"href":"https:\/\/matk.ee\/index.php\/wp-json\/wp\/v2\/types\/page"}],"author":[{"embeddable":true,"href":"https:\/\/matk.ee\/index.php\/wp-json\/wp\/v2\/users\/6"}],"replies":[{"embeddable":true,"href":"https:\/\/matk.ee\/index.php\/wp-json\/wp\/v2\/comments?post=869"}],"version-history":[{"count":5,"href":"https:\/\/matk.ee\/index.php\/wp-json\/wp\/v2\/pages\/869\/revisions"}],"predecessor-version":[{"id":966,"href":"https:\/\/matk.ee\/index.php\/wp-json\/wp\/v2\/pages\/869\/revisions\/966"}],"wp:attachment":[{"href":"https:\/\/matk.ee\/index.php\/wp-json\/wp\/v2\/media?parent=869"}],"curies":[{"name":"wp","href":"https:\/\/api.w.org\/{rel}","templated":true}]}}