{"id":819,"date":"2025-04-29T13:06:32","date_gmt":"2025-04-29T10:06:32","guid":{"rendered":"http:\/\/www.matk.ee\/?page_id=819"},"modified":"2025-11-26T18:28:54","modified_gmt":"2025-11-26T16:28:54","slug":"urituste-kalender","status":"publish","type":"page","link":"https:\/\/matk.ee\/index.php\/urituste-kalender\/","title":{"rendered":"\u00dcrituste kalender 2025"},"content":{"rendered":"\n<p><\/p>\n\n\n\n<figure class=\"wp-block-table\"><table><tbody><tr><td><strong>Kuup\u00e4ev<\/strong><\/td><td><strong>Nimetus<\/strong><\/td><td><strong>Viide<\/strong><\/td><\/tr><tr><td>25-26.jaanuar<\/td><td>Paavlip\u00e4eva matk, Tapa-Viitna matkrajal<\/td><td>Korraldaja Einar Kivisalu<\/td><\/tr><tr><td>02.veebruar<\/td><td>K\u00fc\u00fcnlap\u00e4ev Suurupi poolsaarel<\/td><td>Korraldaja Ainika \u00d6\u00f6pik <a href=\"https:\/\/fb.me\/e\/2DxdlTosI\">Link \u00fcritusele<\/a><\/td><\/tr><tr><td>21.-23(24).veebruar<\/td><td>Vabariigi aastap\u00e4eva matk<\/td><td>Korraldaja Einar Kivisalu<\/td><\/tr><tr><td>23.m\u00e4rts<\/td><td>Avastusretk T\u00fcrisalus<\/td><td>Korraldaja Ainika \u00d6\u00f6pik<br><a href=\"https:\/\/fb.me\/e\/3UvEDFETZ\" data-type=\"link\" data-id=\"https:\/\/fb.me\/e\/3UvEDFETZ\">Link \u00fcritusele<\/a><\/td><\/tr><tr><td>22.03-02.04<\/td><td>Suusamatk Rootsis Padjelanta ja Sareki vahel<\/td><td>Korraldaja Einar Kivisalu<br><a href=\"https:\/\/youtu.be\/PxRnZUoOAsY?si=fvIMCSerj2RVBAgC\">Matka film<\/a><\/td><\/tr><tr><td>10-11.mai<\/td><td>Kevadine harjutuslaager ja kevadsuvise hooaja ava\u00fcritus k\u00f5igile matkas\u00f5pradele<\/td><td>Korraldaja Einar Kivisalu<br><a href=\"https:\/\/fb.me\/e\/6tiVBapox\">Link \u00fcritusele<\/a><\/td><\/tr><tr><td>01.juuli<\/td><td>\u00d5htumatk \u00fcmber Klooga j\u00e4rve<\/td><td>Korraldaja Ainika \u00d6\u00f6pik<br><a href=\"https:\/\/fb.me\/e\/3mRBdDqwM\">Link \u00fcritusele<\/a><br><a href=\"https:\/\/youtu.be\/2BUuNMlpwwc?si=x6R-ANqI7qdGIDmZ\">Video<\/a><\/td><\/tr><tr><td>12-20.juuli<\/td><td>Matk Norras Hardangervidda rahvuspargis<\/td><td>Korraldaja Ainika \u00d6\u00f6pik<br><a href=\"https:\/\/fb.me\/e\/hHgOk6tfu\">Link \u00fcritusele<\/a><\/td><\/tr><tr><td>Suvi 2025<\/td><td>\u00d5htused SUP laua retked<\/td><td>Korraldaja Kaur Virunurm<\/td><\/tr><tr><td>07.september<\/td><td>Kuuvarju retk Lohusalus<\/td><td>Korraldaja Ainika \u00d6\u00f6pik<br><a href=\"https:\/\/fb.me\/e\/4tfwszIxj\">Link \u00fcritusele<\/a><\/td><\/tr><tr><td>22-23.november<\/td><td>Halva ilma matk<\/td><td>Einar Kivisalu<br><a href=\"https:\/\/fb.me\/e\/66Q1AqRnm\">Link \u00fcritusele<\/a><br><\/td><\/tr><\/tbody><\/table><\/figure>\n\n\n\n<p><\/p>\n","protected":false},"excerpt":{"rendered":"<p>Kuup\u00e4ev Nimetus Viide 25-26.jaanuar Paavlip\u00e4eva matk, Tapa-Viitna matkrajal Korraldaja Einar Kivisalu 02.veebruar K\u00fc\u00fcnlap\u00e4ev Suurupi poolsaarel Korraldaja Ainika \u00d6\u00f6pik Link \u00fcritusele 21.-23(24).veebruar Vabariigi aastap\u00e4eva matk Korraldaja Einar Kivisalu 23.m\u00e4rts Avastusretk T\u00fcrisalus Korraldaja Ainika \u00d6\u00f6pikLink \u00fcritusele 22.03-02.04 Suusamatk Rootsis Padjelanta ja Sareki &hellip; <a href=\"https:\/\/matk.ee\/index.php\/urituste-kalender\/\">J\u00e4tka lugemist <span class=\"meta-nav\">&rarr;<\/span><\/a><\/p>\n","protected":false},"author":6,"featured_media":0,"parent":0,"menu_order":0,"comment_status":"closed","ping_status":"closed","template":"","meta":{"_uag_custom_page_level_css":"","footnotes":""},"class_list":["post-819","page","type-page","status-publish","hentry"],"uagb_featured_image_src":{"full":false,"thumbnail":false,"medium":false,"medium_large":false,"large":false,"1536x1536":false,"2048x2048":false,"post-thumbnail":false},"uagb_author_info":{"display_name":"Ainika \u00d6\u00f6pik","author_link":"https:\/\/matk.ee\/index.php\/author\/ainika\/"},"uagb_comment_info":0,"uagb_excerpt":"Kuup\u00e4ev Nimetus Viide 25-26.jaanuar Paavlip\u00e4eva matk, Tapa-Viitna matkrajal Korraldaja Einar Kivisalu 02.veebruar K\u00fc\u00fcnlap\u00e4ev Suurupi poolsaarel Korraldaja Ainika \u00d6\u00f6pik Link \u00fcritusele 21.-23(24).veebruar Vabariigi aastap\u00e4eva matk Korraldaja Einar Kivisalu 23.m\u00e4rts Avastusretk T\u00fcrisalus Korraldaja Ainika \u00d6\u00f6pikLink \u00fcritusele 22.03-02.04 Suusamatk Rootsis Padjelanta ja Sareki &hellip; J\u00e4tka lugemist &rarr;","_links":{"self":[{"href":"https:\/\/matk.ee\/index.php\/wp-json\/wp\/v2\/pages\/819","targetHints":{"allow":["GET"]}}],"collection":[{"href":"https:\/\/matk.ee\/index.php\/wp-json\/wp\/v2\/pages"}],"about":[{"href":"https:\/\/matk.ee\/index.php\/wp-json\/wp\/v2\/types\/page"}],"author":[{"embeddable":true,"href":"https:\/\/matk.ee\/index.php\/wp-json\/wp\/v2\/users\/6"}],"replies":[{"embeddable":true,"href":"https:\/\/matk.ee\/index.php\/wp-json\/wp\/v2\/comments?post=819"}],"version-history":[{"count":5,"href":"https:\/\/matk.ee\/index.php\/wp-json\/wp\/v2\/pages\/819\/revisions"}],"predecessor-version":[{"id":880,"href":"https:\/\/matk.ee\/index.php\/wp-json\/wp\/v2\/pages\/819\/revisions\/880"}],"wp:attachment":[{"href":"https:\/\/matk.ee\/index.php\/wp-json\/wp\/v2\/media?parent=819"}],"curies":[{"name":"wp","href":"https:\/\/api.w.org\/{rel}","templated":true}]}}